{"id":223,"date":"2025-03-20T01:32:00","date_gmt":"2025-03-19T17:32:00","guid":{"rendered":"https:\/\/www.mingpaijj.com\/?post_type=product&#038;p=223"},"modified":"2025-03-20T01:32:00","modified_gmt":"2025-03-19T17:32:00","slug":"melltorp","status":"publish","type":"product","link":"https:\/\/www.mingpaijj.com\/index.php\/product\/melltorp\/","title":{"rendered":"MELLTORP"},"content":{"rendered":"<p class=\"describe-text-p\" data-v-19515da6=\"\">Small, neat dimensions make the table easy to furnish with, even when space is limited.<\/p>\n<p class=\"describe-text-p\" data-v-19515da6=\"\">This table matches well with LID\u00c5S, TEODORES, \u00d6STAN\u00d6 and K\u00c4TTIL chairs for different style expressions.<\/p>\n<p class=\"describe-text-p\" data-v-19515da6=\"\">Sturdy metal table frame and durable, smooth melamine tabletop.<\/p>\n<p class=\"describe-text-p\" data-v-19515da6=\"\">Please refer to packaging label for country of origin<\/p>\n<p class=\"describe-text-p\" data-v-19515da6=\"\">Seats 2.<\/p>\n<p class=\"describe-text-p\" data-v-19515da6=\"\">Matches well with LID\u00c5S, TEODORES, \u00d6STAN\u00d6 and K\u00c4TTIL chairs, sold separately.<\/p>\n","protected":false},"excerpt":{"rendered":"<p>This table suits many people from the minimalist to the family demanding everyday strength and durability. Put it in the kitchen or in the dining room. The clean design combines well with many styles.<\/p>\n","protected":false},"featured_media":224,"comment_status":"open","ping_status":"closed","template":"","meta":[],"product_brand":[],"product_cat":[15],"product_tag":[],"class_list":{"0":"post-223","1":"product","2":"type-product","3":"status-publish","4":"has-post-thumbnail","6":"product_cat-table","8":"first","9":"instock","10":"shipping-taxable","11":"product-type-simple"},"_links":{"self":[{"href":"https:\/\/www.mingpaijj.com\/index.php\/wp-json\/wp\/v2\/product\/223","targetHints":{"allow":["GET"]}}],"collection":[{"href":"https:\/\/www.mingpaijj.com\/index.php\/wp-json\/wp\/v2\/product"}],"about":[{"href":"https:\/\/www.mingpaijj.com\/index.php\/wp-json\/wp\/v2\/types\/product"}],"replies":[{"embeddable":true,"href":"https:\/\/www.mingpaijj.com\/index.php\/wp-json\/wp\/v2\/comments?post=223"}],"wp:featuredmedia":[{"embeddable":true,"href":"https:\/\/www.mingpaijj.com\/index.php\/wp-json\/wp\/v2\/media\/224"}],"wp:attachment":[{"href":"https:\/\/www.mingpaijj.com\/index.php\/wp-json\/wp\/v2\/media?parent=223"}],"wp:term":[{"taxonomy":"product_brand","embeddable":true,"href":"https:\/\/www.mingpaijj.com\/index.php\/wp-json\/wp\/v2\/product_brand?post=223"},{"taxonomy":"product_cat","embeddable":true,"href":"https:\/\/www.mingpaijj.com\/index.php\/wp-json\/wp\/v2\/product_cat?post=223"},{"taxonomy":"product_tag","embeddable":true,"href":"https:\/\/www.mingpaijj.com\/index.php\/wp-json\/wp\/v2\/product_tag?post=223"}],"curies":[{"name":"wp","href":"https:\/\/api.w.org\/{rel}","templated":true}]}}